{"id":3027,"date":"2024-06-18T02:47:43","date_gmt":"2024-06-18T02:47:43","guid":{"rendered":"https:\/\/bilobabags.com\/?page_id=3027"},"modified":"2024-07-29T10:53:09","modified_gmt":"2024-07-29T10:53:09","slug":"cookies","status":"publish","type":"page","link":"https:\/\/bilobabags.com\/fr\/cookies\/","title":{"rendered":"Cookies"},"content":{"rendered":"\t\t<div data-elementor-type=\"wp-post\" data-elementor-id=\"3027\" class=\"elementor elementor-3027 elementor-752\" data-elementor-post-type=\"page\">\n\t\t\t\t<div class=\"elementor-element elementor-element-0a2c36a e-flex e-con-boxed e-con e-parent\" data-id=\"0a2c36a\" data-element_type=\"container\" data-e-type=\"container\" data-settings=\"{&quot;background_background&quot;:&quot;classic&quot;}\">\n\t\t\t\t\t<div class=\"e-con-inner\">\n\t\t<div class=\"elementor-element elementor-element-5fc5b1d e-con-full e-flex e-con e-child\" data-id=\"5fc5b1d\" data-element_type=\"container\" data-e-type=\"container\">\n\t\t\t\t<div class=\"elementor-element elementor-element-176b1b5 elementor-widget elementor-widget-heading\" data-id=\"176b1b5\" data-element_type=\"widget\" data-e-type=\"widget\" data-widget_type=\"heading.default\">\n\t\t\t\t<div class=\"elementor-widget-container\">\n\t\t\t\t\t<h2 class=\"elementor-heading-title elementor-size-default\">\nPolitique de cookies de BilobaBags - R\u00e9paration et vente de sacs \u00e0 main\u200b<\/h2>\t\t\t\t<\/div>\n\t\t\t\t<\/div>\n\t\t\t\t<\/div>\n\t\t\t\t\t<\/div>\n\t\t\t\t<\/div>\n\t\t<div class=\"elementor-element elementor-element-c156f5e e-flex e-con-boxed e-con e-parent\" data-id=\"c156f5e\" data-element_type=\"container\" data-e-type=\"container\" data-settings=\"{&quot;background_background&quot;:&quot;classic&quot;}\">\n\t\t\t\t\t<div class=\"e-con-inner\">\n\t\t\t\t<div class=\"elementor-element elementor-element-610c249 elementor-widget elementor-widget-text-editor\" data-id=\"610c249\" data-element_type=\"widget\" data-e-type=\"widget\" data-widget_type=\"text-editor.default\">\n\t\t\t\t<div class=\"elementor-widget-container\">\n\t\t\t\t\t\t\t\t\t<p>Introduction<\/p>\t\t\t\t\t\t\t\t<\/div>\n\t\t\t\t<\/div>\n\t\t\t\t<div class=\"elementor-element elementor-element-f296c41 elementor-widget elementor-widget-text-editor\" data-id=\"f296c41\" data-element_type=\"widget\" data-e-type=\"widget\" data-widget_type=\"text-editor.default\">\n\t\t\t\t<div class=\"elementor-widget-container\">\n\t\t\t\t\t\t\t\t\t<p>Chez Biloba Bags, nous utilisons des cookies et des technologies similaires pour am\u00e9liorer votre exp\u00e9rience sur notre site Web, analyser nos services et fournir des publicit\u00e9s cibl\u00e9es. Cette politique en mati\u00e8re de cookies explique ce que sont les cookies, quels cookies nous utilisons et comment vous pouvez g\u00e9rer vos pr\u00e9f\u00e9rences en mati\u00e8re de cookies.<\/p>\t\t\t\t\t\t\t\t<\/div>\n\t\t\t\t<\/div>\n\t\t\t\t<div class=\"elementor-element elementor-element-40d99da elementor-widget elementor-widget-text-editor\" data-id=\"40d99da\" data-element_type=\"widget\" data-e-type=\"widget\" data-widget_type=\"text-editor.default\">\n\t\t\t\t<div class=\"elementor-widget-container\">\n\t\t\t\t\t\t\t\t\t<p>Que sont les cookies ?<\/p>\t\t\t\t\t\t\t\t<\/div>\n\t\t\t\t<\/div>\n\t\t\t\t<div class=\"elementor-element elementor-element-b2d4edb elementor-widget elementor-widget-text-editor\" data-id=\"b2d4edb\" data-element_type=\"widget\" data-e-type=\"widget\" data-widget_type=\"text-editor.default\">\n\t\t\t\t<div class=\"elementor-widget-container\">\n\t\t\t\t\t\t\t\t\t<p>Les cookies sont de petits fichiers texte stock\u00e9s sur votre appareil par votre navigateur Web lorsque vous visitez un site Web. Ils nous aident \u00e0 m\u00e9moriser vos pr\u00e9f\u00e9rences et activit\u00e9s, nous permettant ainsi de personnaliser et d&rsquo;am\u00e9liorer votre exp\u00e9rience.<\/p>\t\t\t\t\t\t\t\t<\/div>\n\t\t\t\t<\/div>\n\t\t\t\t<div class=\"elementor-element elementor-element-176a2a8 elementor-widget elementor-widget-text-editor\" data-id=\"176a2a8\" data-element_type=\"widget\" data-e-type=\"widget\" data-widget_type=\"text-editor.default\">\n\t\t\t\t<div class=\"elementor-widget-container\">\n\t\t\t\t\t\t\t\t\t<p>Welke cookies gebruiken wij?<\/p>\t\t\t\t\t\t\t\t<\/div>\n\t\t\t\t<\/div>\n\t\t\t\t<div class=\"elementor-element elementor-element-595d4f4 elementor-widget elementor-widget-text-editor\" data-id=\"595d4f4\" data-element_type=\"widget\" data-e-type=\"widget\" data-widget_type=\"text-editor.default\">\n\t\t\t\t<div class=\"elementor-widget-container\">\n\t\t\t\t\t\t\t\t\t<p>Wij gebruiken de volgende soorten cookies op onze website:<\/p><ol><li><strong>Noodzakelijke cookies:<\/strong> Deze cookies zijn essentieel voor het functioneren van onze website en kunnen niet worden uitgeschakeld in onze systemen. Ze worden meestal alleen ingesteld als reactie op door u genomen acties, zoals het instellen van uw privacyvoorkeuren, inloggen of het invullen van formulieren.<\/li><li><strong>Functionele cookies:<\/strong> Deze cookies stellen de website in staat om verbeterde functionaliteit en personalisatie te bieden. Ze kunnen door ons of door externe aanbieders wiens diensten wij aan onze pagina&rsquo;s hebben toegevoegd, worden ingesteld.<\/li><li><strong>Prestatiecookies:<\/strong> Deze cookies stellen ons in staat om bezoeken en verkeersbronnen te tellen, zodat wij de prestaties van onze site kunnen meten en verbeteren. Ze helpen ons te weten welke pagina&rsquo;s het meest en het minst populair zijn en hoe bezoekers zich door de site bewegen.<\/li><li><strong>Marketing cookies:<\/strong> Deze cookies kunnen door onze advertentiepartners via onze site worden ingesteld. Ze kunnen door die bedrijven worden gebruikt om een profiel van uw interesses op te bouwen en u relevante advertenties op andere sites te laten zien. Ze slaan geen directe persoonlijke informatie op, maar zijn gebaseerd op het uniek identificeren van uw browser en internetapparaat.<\/li><\/ol>\t\t\t\t\t\t\t\t<\/div>\n\t\t\t\t<\/div>\n\t\t\t\t<div class=\"elementor-element elementor-element-d770a0e elementor-widget elementor-widget-text-editor\" data-id=\"d770a0e\" data-element_type=\"widget\" data-e-type=\"widget\" data-widget_type=\"text-editor.default\">\n\t\t\t\t<div class=\"elementor-widget-container\">\n\t\t\t\t\t\t\t\t\t<p>Hoe kunt u uw cookies beheren?<\/p>\t\t\t\t\t\t\t\t<\/div>\n\t\t\t\t<\/div>\n\t\t\t\t<div class=\"elementor-element elementor-element-0aa0fcb elementor-widget elementor-widget-text-editor\" data-id=\"0aa0fcb\" data-element_type=\"widget\" data-e-type=\"widget\" data-widget_type=\"text-editor.default\">\n\t\t\t\t<div class=\"elementor-widget-container\">\n\t\t\t\t\t\t\t\t\t<p>U kunt uw cookievoorkeuren beheren door uw browserinstellingen aan te passen om cookies te accepteren of te weigeren. Houd er rekening mee dat het uitschakelen van cookies de functionaliteit van onze website kan be\u00efnvloeden en dat sommige delen van de site mogelijk niet correct werken.<\/p><p>Hier zijn links naar de ondersteuningspagina&rsquo;s van populaire browsers om uw cookie-instellingen te beheren:<\/p><ul><li><span style=\"text-decoration: underline; color: #002638;\"><a style=\"color: #002638; text-decoration: underline;\" href=\"https:\/\/support.google.com\/chrome\/answer\/95647?hl=nl&amp;co=GENIE.Platform%3DDesktop\">Google Chrome<\/a><\/span><\/li><li><span style=\"text-decoration: underline; color: #002638;\"><a style=\"color: #002638; text-decoration: underline;\" href=\"https:\/\/support.mozilla.org\/nl\/kb\/cookies-in-en-uitschakelen-websites-voorkeuren\">Mozilla Firefox<\/a><\/span><\/li><li><span style=\"text-decoration: underline; color: #002638;\"><a style=\"color: #002638; text-decoration: underline;\" href=\"https:\/\/support.microsoft.com\/nl-nl\/help\/4027947\/microsoft-edge-delete-cookies\">Microsoft Edge<\/a><\/span><\/li><li><span style=\"text-decoration: underline; color: #002638;\"><a style=\"color: #002638; text-decoration: underline;\" href=\"https:\/\/support.apple.com\/nl-nl\/guide\/safari\/sfri11471\/mac\">Safari<\/a><\/span><\/li><li><span style=\"text-decoration: underline; color: #002638;\"><a style=\"color: #002638; text-decoration: underline;\" href=\"https:\/\/help.opera.com\/en\/latest\/web-preferences\/#cookies\">Opera<\/a><\/span><\/li><\/ul>\t\t\t\t\t\t\t\t<\/div>\n\t\t\t\t<\/div>\n\t\t\t\t<div class=\"elementor-element elementor-element-f38350f elementor-widget elementor-widget-text-editor\" data-id=\"f38350f\" data-element_type=\"widget\" data-e-type=\"widget\" data-widget_type=\"text-editor.default\">\n\t\t\t\t<div class=\"elementor-widget-container\">\n\t\t\t\t\t\t\t\t\t<p>Contact<\/p>\t\t\t\t\t\t\t\t<\/div>\n\t\t\t\t<\/div>\n\t\t\t\t<div class=\"elementor-element elementor-element-9d031d7 elementor-widget elementor-widget-text-editor\" data-id=\"9d031d7\" data-element_type=\"widget\" data-e-type=\"widget\" data-widget_type=\"text-editor.default\">\n\t\t\t\t<div class=\"elementor-widget-container\">\n\t\t\t\t\t\t\t\t\t<p>Als u vragen heeft over ons cookiebeleid of de manier waarop wij cookies gebruiken, neem dan contact met ons op via:<\/p><p>Biloba Bags BV, Schoolstraat 26, 9420 Erpe-Mere of via het <span style=\"text-decoration: underline; color: #002638;\"><a style=\"color: #002638; text-decoration: underline;\" href=\"https:\/\/bilobabags.com\/contacteer-biloba\/\">contactformulier<\/a><\/span> op de website.<\/p>\t\t\t\t\t\t\t\t<\/div>\n\t\t\t\t<\/div>\n\t\t\t\t<div class=\"elementor-element elementor-element-cf6966d elementor-widget elementor-widget-text-editor\" data-id=\"cf6966d\" data-element_type=\"widget\" data-e-type=\"widget\" data-widget_type=\"text-editor.default\">\n\t\t\t\t<div class=\"elementor-widget-container\">\n\t\t\t\t\t\t\t\t\t<p>Wijzigingen aan dit cookiebeleid<\/p>\t\t\t\t\t\t\t\t<\/div>\n\t\t\t\t<\/div>\n\t\t\t\t<div class=\"elementor-element elementor-element-ca08d6b elementor-widget elementor-widget-text-editor\" data-id=\"ca08d6b\" data-element_type=\"widget\" data-e-type=\"widget\" data-widget_type=\"text-editor.default\">\n\t\t\t\t<div class=\"elementor-widget-container\">\n\t\t\t\t\t\t\t\t\t<p>Wij behouden ons het recht voor om dit cookiebeleid op elk moment te wijzigen. Eventuele wijzigingen worden op deze pagina gepubliceerd. Wij raden u aan om deze pagina regelmatig te raadplegen om op de hoogte te blijven van hoe wij cookies gebruiken.<\/p><p>Dit cookiebeleid is voor het laatst bijgewerkt op 10\/07\/2024.<\/p><p>Dit beleid helpt bezoekers te informeren en biedt hen de controle over hun cookie-instellingen, wat belangrijk is voor transparantie en naleving van privacywetgeving.<\/p>\t\t\t\t\t\t\t\t<\/div>\n\t\t\t\t<\/div>\n\t\t\t\t\t<\/div>\n\t\t\t\t<\/div>\n\t\t\t\t<\/div>\n\t\t","protected":false},"excerpt":{"rendered":"<p>Politique de cookies de BilobaBags &#8211; R\u00e9paration et vente de sacs \u00e0 main\u200b Introduction Chez Biloba Bags, nous utilisons des cookies et des technologies similaires pour am\u00e9liorer votre exp\u00e9rience sur notre site Web, analyser nos services et fournir des publicit\u00e9s cibl\u00e9es. Cette politique en mati\u00e8re de cookies explique ce que sont les cookies, quels cookies [&hellip;]<\/p>\n","protected":false},"author":1,"featured_media":0,"parent":0,"menu_order":0,"comment_status":"closed","ping_status":"closed","template":"","meta":{"footnotes":""},"class_list":["post-3027","page","type-page","status-publish","hentry"],"yoast_head":"<!-- This site is optimized with the Yoast SEO plugin v27.2 - https:\/\/yoast.com\/product\/yoast-seo-wordpress\/ -->\n<title>Cookies - Biloba<\/title>\n<meta name=\"robots\" content=\"index, follow, max-snippet:-1, max-image-preview:large, max-video-preview:-1\" \/>\n<link rel=\"canonical\" href=\"https:\/\/bilobabags.com\/fr\/cookies\/\" \/>\n<meta property=\"og:locale\" content=\"fr_FR\" \/>\n<meta property=\"og:type\" content=\"article\" \/>\n<meta property=\"og:title\" content=\"Cookies - Biloba\" \/>\n<meta property=\"og:description\" content=\"Politique de cookies de BilobaBags &#8211; R\u00e9paration et vente de sacs \u00e0 main\u200b Introduction Chez Biloba Bags, nous utilisons des cookies et des technologies similaires pour am\u00e9liorer votre exp\u00e9rience sur notre site Web, analyser nos services et fournir des publicit\u00e9s cibl\u00e9es. Cette politique en mati\u00e8re de cookies explique ce que sont les cookies, quels cookies [&hellip;]\" \/>\n<meta property=\"og:url\" content=\"https:\/\/bilobabags.com\/fr\/cookies\/\" \/>\n<meta property=\"og:site_name\" content=\"Biloba\" \/>\n<meta property=\"article:modified_time\" content=\"2024-07-29T10:53:09+00:00\" \/>\n<meta name=\"twitter:card\" content=\"summary_large_image\" \/>\n<meta name=\"twitter:label1\" content=\"Dur\u00e9e de lecture estim\u00e9e\" \/>\n\t<meta name=\"twitter:data1\" content=\"3 minutes\" \/>\n<script type=\"application\/ld+json\" class=\"yoast-schema-graph\">{\"@context\":\"https:\/\/schema.org\",\"@graph\":[{\"@type\":\"WebPage\",\"@id\":\"https:\/\/bilobabags.com\/fr\/cookies\/\",\"url\":\"https:\/\/bilobabags.com\/fr\/cookies\/\",\"name\":\"Cookies - Biloba\",\"isPartOf\":{\"@id\":\"https:\/\/bilobabags.com\/fr\/#website\"},\"datePublished\":\"2024-06-18T02:47:43+00:00\",\"dateModified\":\"2024-07-29T10:53:09+00:00\",\"breadcrumb\":{\"@id\":\"https:\/\/bilobabags.com\/fr\/cookies\/#breadcrumb\"},\"inLanguage\":\"fr-FR\",\"potentialAction\":[{\"@type\":\"ReadAction\",\"target\":[\"https:\/\/bilobabags.com\/fr\/cookies\/\"]}]},{\"@type\":\"BreadcrumbList\",\"@id\":\"https:\/\/bilobabags.com\/fr\/cookies\/#breadcrumb\",\"itemListElement\":[{\"@type\":\"ListItem\",\"position\":1,\"name\":\"Home\",\"item\":\"https:\/\/bilobabags.com\/fr\/\"},{\"@type\":\"ListItem\",\"position\":2,\"name\":\"Cookies\"}]},{\"@type\":\"WebSite\",\"@id\":\"https:\/\/bilobabags.com\/fr\/#website\",\"url\":\"https:\/\/bilobabags.com\/fr\/\",\"name\":\"Biloba\",\"description\":\"Handtassen herstellen en verkopen\",\"publisher\":{\"@id\":\"https:\/\/bilobabags.com\/fr\/#organization\"},\"potentialAction\":[{\"@type\":\"SearchAction\",\"target\":{\"@type\":\"EntryPoint\",\"urlTemplate\":\"https:\/\/bilobabags.com\/fr\/?s={search_term_string}\"},\"query-input\":{\"@type\":\"PropertyValueSpecification\",\"valueRequired\":true,\"valueName\":\"search_term_string\"}}],\"inLanguage\":\"fr-FR\"},{\"@type\":\"Organization\",\"@id\":\"https:\/\/bilobabags.com\/fr\/#organization\",\"name\":\"Biloba\",\"url\":\"https:\/\/bilobabags.com\/fr\/\",\"logo\":{\"@type\":\"ImageObject\",\"inLanguage\":\"fr-FR\",\"@id\":\"https:\/\/bilobabags.com\/fr\/#\/schema\/logo\/image\/\",\"url\":\"https:\/\/bilobabags.com\/wp-content\/uploads\/2024\/07\/Group-1521.png\",\"contentUrl\":\"https:\/\/bilobabags.com\/wp-content\/uploads\/2024\/07\/Group-1521.png\",\"width\":43,\"height\":57,\"caption\":\"Biloba\"},\"image\":{\"@id\":\"https:\/\/bilobabags.com\/fr\/#\/schema\/logo\/image\/\"}}]}<\/script>\n<!-- \/ Yoast SEO plugin. -->","yoast_head_json":{"title":"Cookies - Biloba","robots":{"index":"index","follow":"follow","max-snippet":"max-snippet:-1","max-image-preview":"max-image-preview:large","max-video-preview":"max-video-preview:-1"},"canonical":"https:\/\/bilobabags.com\/fr\/cookies\/","og_locale":"fr_FR","og_type":"article","og_title":"Cookies - Biloba","og_description":"Politique de cookies de BilobaBags &#8211; R\u00e9paration et vente de sacs \u00e0 main\u200b Introduction Chez Biloba Bags, nous utilisons des cookies et des technologies similaires pour am\u00e9liorer votre exp\u00e9rience sur notre site Web, analyser nos services et fournir des publicit\u00e9s cibl\u00e9es. Cette politique en mati\u00e8re de cookies explique ce que sont les cookies, quels cookies [&hellip;]","og_url":"https:\/\/bilobabags.com\/fr\/cookies\/","og_site_name":"Biloba","article_modified_time":"2024-07-29T10:53:09+00:00","twitter_card":"summary_large_image","twitter_misc":{"Dur\u00e9e de lecture estim\u00e9e":"3 minutes"},"schema":{"@context":"https:\/\/schema.org","@graph":[{"@type":"WebPage","@id":"https:\/\/bilobabags.com\/fr\/cookies\/","url":"https:\/\/bilobabags.com\/fr\/cookies\/","name":"Cookies - Biloba","isPartOf":{"@id":"https:\/\/bilobabags.com\/fr\/#website"},"datePublished":"2024-06-18T02:47:43+00:00","dateModified":"2024-07-29T10:53:09+00:00","breadcrumb":{"@id":"https:\/\/bilobabags.com\/fr\/cookies\/#breadcrumb"},"inLanguage":"fr-FR","potentialAction":[{"@type":"ReadAction","target":["https:\/\/bilobabags.com\/fr\/cookies\/"]}]},{"@type":"BreadcrumbList","@id":"https:\/\/bilobabags.com\/fr\/cookies\/#breadcrumb","itemListElement":[{"@type":"ListItem","position":1,"name":"Home","item":"https:\/\/bilobabags.com\/fr\/"},{"@type":"ListItem","position":2,"name":"Cookies"}]},{"@type":"WebSite","@id":"https:\/\/bilobabags.com\/fr\/#website","url":"https:\/\/bilobabags.com\/fr\/","name":"Biloba","description":"Handtassen herstellen en verkopen","publisher":{"@id":"https:\/\/bilobabags.com\/fr\/#organization"},"potentialAction":[{"@type":"SearchAction","target":{"@type":"EntryPoint","urlTemplate":"https:\/\/bilobabags.com\/fr\/?s={search_term_string}"},"query-input":{"@type":"PropertyValueSpecification","valueRequired":true,"valueName":"search_term_string"}}],"inLanguage":"fr-FR"},{"@type":"Organization","@id":"https:\/\/bilobabags.com\/fr\/#organization","name":"Biloba","url":"https:\/\/bilobabags.com\/fr\/","logo":{"@type":"ImageObject","inLanguage":"fr-FR","@id":"https:\/\/bilobabags.com\/fr\/#\/schema\/logo\/image\/","url":"https:\/\/bilobabags.com\/wp-content\/uploads\/2024\/07\/Group-1521.png","contentUrl":"https:\/\/bilobabags.com\/wp-content\/uploads\/2024\/07\/Group-1521.png","width":43,"height":57,"caption":"Biloba"},"image":{"@id":"https:\/\/bilobabags.com\/fr\/#\/schema\/logo\/image\/"}}]}},"_links":{"self":[{"href":"https:\/\/bilobabags.com\/fr\/wp-json\/wp\/v2\/pages\/3027","targetHints":{"allow":["GET"]}}],"collection":[{"href":"https:\/\/bilobabags.com\/fr\/wp-json\/wp\/v2\/pages"}],"about":[{"href":"https:\/\/bilobabags.com\/fr\/wp-json\/wp\/v2\/types\/page"}],"author":[{"embeddable":true,"href":"https:\/\/bilobabags.com\/fr\/wp-json\/wp\/v2\/users\/1"}],"replies":[{"embeddable":true,"href":"https:\/\/bilobabags.com\/fr\/wp-json\/wp\/v2\/comments?post=3027"}],"version-history":[{"count":4,"href":"https:\/\/bilobabags.com\/fr\/wp-json\/wp\/v2\/pages\/3027\/revisions"}],"predecessor-version":[{"id":3031,"href":"https:\/\/bilobabags.com\/fr\/wp-json\/wp\/v2\/pages\/3027\/revisions\/3031"}],"wp:attachment":[{"href":"https:\/\/bilobabags.com\/fr\/wp-json\/wp\/v2\/media?parent=3027"}],"curies":[{"name":"wp","href":"https:\/\/api.w.org\/{rel}","templated":true}]}}